{"id":17598,"date":"2025-02-19T07:52:48","date_gmt":"2025-02-19T07:52:48","guid":{"rendered":"https:\/\/www.hediyebizde.com\/index.php\/urun\/nergis\/"},"modified":"2025-02-19T07:52:49","modified_gmt":"2025-02-19T07:52:49","slug":"nergis","status":"publish","type":"product","link":"http:\/\/www.hediyebizde.com\/index.php\/urun\/nergis\/","title":{"rendered":"NERG\u0130S"},"content":{"rendered":"<p>KOKULU MUM (HOR\u0130ZON), KOLONYA (EY\u00dcP SABR\u0130 TUNCER), AYICIK ANAHTARLIK, \u00c7\u0130KOLATA (GOD\u0130VA), MUKAVVA BEYAZ KUTU, KADINLAR G\u00dcN\u00dc KARTI<\/p>\n","protected":false},"excerpt":{"rendered":"<p>8 MART, D\u00dcNYADA KADINLARIN E\u015e\u0130TL\u0130K, KALKINMA VE DAHA HUZURLU YA\u015eAM \u00d6ZLEMLER\u0130 D\u0130LE GET\u0130RD\u0130KLER\u0130 G\u00dcND\u00dcR. HAYATIMIZA KATTIKLARI DE\u011eERLER \u0130\u00c7\u0130N NE YAPSAK YETERL\u0130 OLMASA DA, S\u0130ZDEN G\u0130DECEK ANLAMLI HED\u0130YELER \u0130\u00c7\u0130N K\u00dc\u00c7\u00dcK DOKUNU\u015eLAR DA B\u0130Z EKLED\u0130K.<\/p>\n","protected":false},"featured_media":17442,"comment_status":"open","ping_status":"closed","template":"","meta":[],"product_brand":[],"product_cat":[241],"product_tag":[213,222,219,203,207,217,91,214,216,211,220,205,206,201,210,198,204,208,199,209,202,212,215,218,221,200],"class_list":{"0":"post-17598","1":"product","2":"type-product","3":"status-publish","4":"has-post-thumbnail","6":"product_cat-8-mart-dunya-kadinlar-gunu-hediye-paketi","7":"product_tag-calisan-hosgeldin-paketi","8":"product_tag-calisan-karsilama-paketi","9":"product_tag-calisanlara-hosgeldin-paketi","10":"product_tag-calisanlara-kurumsal-hediyeler","11":"product_tag-ceo-hediyeleri","12":"product_tag-hosgeldin-hediyesi","13":"product_tag-hosgeldin-paketi","14":"product_tag-hosgeldin-seti","15":"product_tag-ise-baslayanlar-icin-hediyeler","16":"product_tag-ise-baslayanlara-hediye","17":"product_tag-ise-baslayanlara-ozel-paket","18":"product_tag-ise-ozel-kurumsal-hediyeler","19":"product_tag-kurumsal-hediye-cesitleri","20":"product_tag-kurumsal-hediye-fikirleri","21":"product_tag-kurumsal-hediye-paketi-indirim","22":"product_tag-kurumsal-hediye-paketleri","23":"product_tag-kurumsal-hediyeler-2024","24":"product_tag-kurumsal-ozel-hediye-setleri","25":"product_tag-sirket-hediye-secenekleri","26":"product_tag-sirket-hediyesi-online","27":"product_tag-sirket-ici-hediyeler","28":"product_tag-yeni-baslayan-calisanlar-icin-paket","29":"product_tag-yeni-calisan-hediye-paketi","30":"product_tag-yeni-calisan-hediyesi","31":"product_tag-yeni-ise-baslayan-hediyeleri","32":"product_tag-yilbasi-kurumsal-hediyeleri","34":"first","35":"instock","36":"shipping-taxable","37":"product-type-simple","38":"reshop-col","39":"product-has-gallery"},"_links":{"self":[{"href":"http:\/\/www.hediyebizde.com\/index.php\/wp-json\/wp\/v2\/product\/17598","targetHints":{"allow":["GET"]}}],"collection":[{"href":"http:\/\/www.hediyebizde.com\/index.php\/wp-json\/wp\/v2\/product"}],"about":[{"href":"http:\/\/www.hediyebizde.com\/index.php\/wp-json\/wp\/v2\/types\/product"}],"replies":[{"embeddable":true,"href":"http:\/\/www.hediyebizde.com\/index.php\/wp-json\/wp\/v2\/comments?post=17598"}],"wp:featuredmedia":[{"embeddable":true,"href":"http:\/\/www.hediyebizde.com\/index.php\/wp-json\/wp\/v2\/media\/17442"}],"wp:attachment":[{"href":"http:\/\/www.hediyebizde.com\/index.php\/wp-json\/wp\/v2\/media?parent=17598"}],"wp:term":[{"taxonomy":"product_brand","embeddable":true,"href":"http:\/\/www.hediyebizde.com\/index.php\/wp-json\/wp\/v2\/product_brand?post=17598"},{"taxonomy":"product_cat","embeddable":true,"href":"http:\/\/www.hediyebizde.com\/index.php\/wp-json\/wp\/v2\/product_cat?post=17598"},{"taxonomy":"product_tag","embeddable":true,"href":"http:\/\/www.hediyebizde.com\/index.php\/wp-json\/wp\/v2\/product_tag?post=17598"}],"curies":[{"name":"wp","href":"https:\/\/api.w.org\/{rel}","templated":true}]}}