{"id":16891,"date":"2024-12-02T16:11:33","date_gmt":"2024-12-02T16:11:33","guid":{"rendered":"http:\/\/www.hediyebizde.com\/index.php\/urun\/kurumsal-hediye-paketi-10\/"},"modified":"2024-12-05T18:51:56","modified_gmt":"2024-12-05T18:51:56","slug":"kurumsal-hediye-paketi-10","status":"publish","type":"product","link":"http:\/\/www.hediyebizde.com\/index.php\/urun\/kurumsal-hediye-paketi-10\/","title":{"rendered":"KURUMSAL HED\u0130YE PAKET\u0130 10"},"content":{"rendered":"<p>TYESO TERMOS <br \/> 13X21 DEFTER <br \/> METAL KALEM <br \/> HED\u0130YE KARTI <br \/> KIRPIK KA\u011eITLI SERT MUKAVVA KRAFT KUTU<\/p>\n","protected":false},"excerpt":{"rendered":"<p>F\u0130RMALARIN \u00c7ALI\u015eANLARA VERD\u0130\u011e\u0130 DE\u011eER\u0130 , GER\u00c7EKLE\u015eT\u0130RECEKLER\u0130 BA\u015eARILARA OLAN \u0130NANCINI VE BERABER \u00c7ALI\u015eMANIN NE KADAR MUTLULUK VER\u0130C\u0130 OLDU\u011eUNU \u0130FADE EDEN VE PEK\u0130\u015eT\u0130REN \u00dcR\u00dcNLERDEN OLU\u015eMAKTADIR. <br \/> [fluentform id=\"3\"]<\/p>\n","protected":false},"featured_media":16890,"comment_status":"open","ping_status":"closed","template":"","meta":[],"product_brand":[],"product_cat":[224],"product_tag":[203,207,205,206,201,210,198,204,208,199,209,202,200],"class_list":{"0":"post-16891","1":"product","2":"type-product","3":"status-publish","4":"has-post-thumbnail","6":"product_cat-kurumsal-hediyeler","7":"product_tag-calisanlara-kurumsal-hediyeler","8":"product_tag-ceo-hediyeleri","9":"product_tag-ise-ozel-kurumsal-hediyeler","10":"product_tag-kurumsal-hediye-cesitleri","11":"product_tag-kurumsal-hediye-fikirleri","12":"product_tag-kurumsal-hediye-paketi-indirim","13":"product_tag-kurumsal-hediye-paketleri","14":"product_tag-kurumsal-hediyeler-2024","15":"product_tag-kurumsal-ozel-hediye-setleri","16":"product_tag-sirket-hediye-secenekleri","17":"product_tag-sirket-hediyesi-online","18":"product_tag-sirket-ici-hediyeler","19":"product_tag-yilbasi-kurumsal-hediyeleri","21":"first","22":"instock","23":"shipping-taxable","24":"product-type-simple","25":"reshop-col","26":"product-has-gallery"},"_links":{"self":[{"href":"http:\/\/www.hediyebizde.com\/index.php\/wp-json\/wp\/v2\/product\/16891","targetHints":{"allow":["GET"]}}],"collection":[{"href":"http:\/\/www.hediyebizde.com\/index.php\/wp-json\/wp\/v2\/product"}],"about":[{"href":"http:\/\/www.hediyebizde.com\/index.php\/wp-json\/wp\/v2\/types\/product"}],"replies":[{"embeddable":true,"href":"http:\/\/www.hediyebizde.com\/index.php\/wp-json\/wp\/v2\/comments?post=16891"}],"wp:featuredmedia":[{"embeddable":true,"href":"http:\/\/www.hediyebizde.com\/index.php\/wp-json\/wp\/v2\/media\/16890"}],"wp:attachment":[{"href":"http:\/\/www.hediyebizde.com\/index.php\/wp-json\/wp\/v2\/media?parent=16891"}],"wp:term":[{"taxonomy":"product_brand","embeddable":true,"href":"http:\/\/www.hediyebizde.com\/index.php\/wp-json\/wp\/v2\/product_brand?post=16891"},{"taxonomy":"product_cat","embeddable":true,"href":"http:\/\/www.hediyebizde.com\/index.php\/wp-json\/wp\/v2\/product_cat?post=16891"},{"taxonomy":"product_tag","embeddable":true,"href":"http:\/\/www.hediyebizde.com\/index.php\/wp-json\/wp\/v2\/product_tag?post=16891"}],"curies":[{"name":"wp","href":"https:\/\/api.w.org\/{rel}","templated":true}]}}